{"id":767,"date":"2017-05-25T12:35:11","date_gmt":"2017-05-25T12:35:11","guid":{"rendered":"https:\/\/bio.ufpr.br\/zoologia\/?page_id=767"},"modified":"2023-04-11T17:25:48","modified_gmt":"2023-04-11T17:25:48","slug":"orientacoes-gerais","status":"publish","type":"page","link":"https:\/\/bio.ufpr.br\/zoologia\/orientacoes-gerais\/","title":{"rendered":"Orienta\u00e7\u00f5es gerais"},"content":{"rendered":"<p><span style=\"color: #000000\">SOLICITA\u00c7\u00d5ES<\/span><\/p>\n<ol>\n<li><span style=\"color: #000000\"><a style=\"color: #000000\" href=\"https:\/\/bio.ufpr.br\/zoologia\/wp-admin\/post.php?post=949&amp;action=edit\" target=\"_blank\">Solicita\u00e7\u00f5es de servi\u00e7os<\/a>:<\/span><\/li>\n<li><span style=\"color: #000000\"><a style=\"color: #000000\" href=\"https:\/\/bio.ufpr.br\/zoologia\/solicitacoes-almoxarifado\/\" target=\"_blank\">Solicita\u00e7\u00f5es para almoxarifado:<\/a><\/span><\/li>\n<\/ol>\n<p><span style=\"color: #000000\">ORIENTA\u00c7\u00d5ES PARA PROCESSOS ADMINISTRATIVOS:<\/span><\/p>\n<ol>\n<li><span style=\"color: #000000\"><a style=\"color: #000000\" href=\"https:\/\/bio.ufpr.br\/zoologia\/afastamento-do-pais\/\" target=\"_blank\">Processos de <\/a><a style=\"color: #000000\" href=\"https:\/\/bio.ufpr.br\/zoologia\/afastamento-do-pais\/\" target=\"_blank\">afastamento<\/a><a style=\"color: #000000\" href=\"https:\/\/bio.ufpr.br\/zoologia\/afastamento-do-pais\/\" target=\"_blank\">\u00a0dentro do pa\u00eds<\/a><\/span><\/li>\n<li><span style=\"color: #000000\">Processos de afastamento fora no pa\u00eds<\/span><\/li>\n<li><span style=\"color: #000000\"><a style=\"color: #000000\" href=\"https:\/\/bio.ufpr.br\/zoologia\/ferias\/\" target=\"_blank\">Solicita\u00e7\u00e3o de f\u00e9rias<\/a><\/span><\/li>\n<li><span style=\"color: #000000\"><a style=\"color: #000000\" href=\"https:\/\/bio.ufpr.br\/zoologia\/concessao-de-diarias-e-passagens\/\" target=\"_blank\">Concess\u00e3o de di\u00e1rias e passagens<\/a><\/span><\/li>\n<li><span style=\"color: #000000\"><a style=\"color: #000000\" href=\"https:\/\/bio.ufpr.br\/zoologia\/solicitacao-de-transporte\/\" target=\"_blank\">Solicita\u00e7\u00e3o de transporte<\/a><\/span><\/li>\n<li><span style=\"color: #000000\">Aula de campo<\/span><\/li>\n<\/ol>\n<p><span style=\"color: #000000\">ORIENTA\u00c7\u00d5ES PARA PROCESSOS ACAD\u00caMICOS:<\/span><\/p>\n<ol>\n<li><span style=\"color: #000000\"><a style=\"color: #000000\" href=\"https:\/\/bio.ufpr.br\/zoologia\/programa-de-voluntariado-academico\/\">Programa de Voluntariado Acad\u00eamico &#8211; PVA<\/a><\/span><\/li>\n<li><span style=\"color: #000000\"><a style=\"color: #000000\" href=\"https:\/\/bio.ufpr.br\/zoologia\/aproveitamento-de-conhecimento\/\" target=\"_blank\">Aproveitamento de conhecimento<\/a><\/span><\/li>\n<li><span style=\"color: #000000\"><a style=\"color: #000000\" href=\"https:\/\/bio.ufpr.br\/zoologia\/requerimento-de-segunda-chamada\/\" target=\"_blank\">Requerimento de segunda chamada<\/a><\/span><\/li>\n<li><span style=\"color: #000000\"><a style=\"color: #000000\" href=\"https:\/\/bio.ufpr.br\/zoologia\/disciplinas-isoladas-e-eletivas\/\" target=\"_blank\">Matr\u00edcula em disciplina isolada e eletiva<\/a><\/span><\/li>\n<li><span style=\"color: #000000\"><a style=\"color: #000000\" href=\"https:\/\/bio.ufpr.br\/zoologia\/monografias\/\" target=\"_blank\">Monografias<\/a><\/span><\/li>\n<\/ol>\n","protected":false},"excerpt":{"rendered":"<p>SOLICITA\u00c7\u00d5ES Solicita\u00e7\u00f5es de servi\u00e7os: Solicita\u00e7\u00f5es para almoxarifado: ORIENTA\u00c7\u00d5ES PARA PROCESSOS ADMINISTRATIVOS: Processos de afastamento\u00a0dentro do pa\u00eds Processos de afastamento fora no pa\u00eds Solicita\u00e7\u00e3o de f\u00e9rias [&hellip;]<\/p>\n","protected":false},"author":6,"featured_media":0,"parent":0,"menu_order":0,"comment_status":"closed","ping_status":"closed","template":"","meta":{"_acf_changed":false,"_monsterinsights_skip_tracking":false,"_monsterinsights_sitenote_active":false,"_monsterinsights_sitenote_note":"","_monsterinsights_sitenote_category":0,"footnotes":""},"class_list":["post-767","page","type-page","status-publish","hentry"],"acf":[],"_links":{"self":[{"href":"https:\/\/bio.ufpr.br\/zoologia\/wp-json\/wp\/v2\/pages\/767","targetHints":{"allow":["GET"]}}],"collection":[{"href":"https:\/\/bio.ufpr.br\/zoologia\/wp-json\/wp\/v2\/pages"}],"about":[{"href":"https:\/\/bio.ufpr.br\/zoologia\/wp-json\/wp\/v2\/types\/page"}],"author":[{"embeddable":true,"href":"https:\/\/bio.ufpr.br\/zoologia\/wp-json\/wp\/v2\/users\/6"}],"replies":[{"embeddable":true,"href":"https:\/\/bio.ufpr.br\/zoologia\/wp-json\/wp\/v2\/comments?post=767"}],"version-history":[{"count":48,"href":"https:\/\/bio.ufpr.br\/zoologia\/wp-json\/wp\/v2\/pages\/767\/revisions"}],"predecessor-version":[{"id":3698,"href":"https:\/\/bio.ufpr.br\/zoologia\/wp-json\/wp\/v2\/pages\/767\/revisions\/3698"}],"wp:attachment":[{"href":"https:\/\/bio.ufpr.br\/zoologia\/wp-json\/wp\/v2\/media?parent=767"}],"curies":[{"name":"wp","href":"https:\/\/api.w.org\/{rel}","templated":true}]}}