{"id":769,"date":"2017-05-25T12:35:28","date_gmt":"2017-05-25T12:35:28","guid":{"rendered":"https:\/\/bio.ufpr.br\/zoologia\/?page_id=769"},"modified":"2025-04-10T19:37:55","modified_gmt":"2025-04-10T19:37:55","slug":"formularios-2","status":"publish","type":"page","link":"https:\/\/bio.ufpr.br\/zoologia\/formularios-2\/","title":{"rendered":"Formul\u00e1rios Acad\u00eamicos"},"content":{"rendered":"<p><a href=\"https:\/\/bio.ufpr.br\/zoologia\/wp-content\/uploads\/sites\/29\/2025\/04\/Requerimento-Segunda-Chamada.pdf\" target=\"_blank\" rel=\"noopener\">Requerimento segunda chamada<\/a><\/p>\n<p><a href=\"https:\/\/bio.ufpr.br\/zoologia\/wp-content\/uploads\/sites\/29\/2018\/04\/revis\u00e3o-de-prova.pdf\" target=\"_blank\" rel=\"noopener\">Requerimento revis\u00e3o de prova<\/a><\/p>\n<p><a href=\"https:\/\/bio.ufpr.br\/zoologia\/wp-content\/uploads\/sites\/29\/2017\/03\/REQUERIMENTO-DISCIPLINA-ISOLADA.pdf\" target=\"_blank\" rel=\"noopener\">Requerimento matr\u00edcula disciplina isolada<\/a><\/p>\n<p><a href=\"https:\/\/bio.ufpr.br\/zoologia\/wp-content\/uploads\/sites\/29\/2017\/03\/REQUERIMENTO-DISCIPLINA-ELETIVA.pdf\" target=\"_blank\" rel=\"noopener\">Requerimento matr\u00edcula disciplina eletiva<\/a><\/p>\n<p><a href=\"https:\/\/bio.ufpr.br\/zoologia\/wp-content\/uploads\/sites\/29\/2017\/03\/REQUERIMENTO-ADIANTAMENTO-DE-CONHECIMENTO.pdf\" target=\"_blank\" rel=\"noopener\">Requerimento adiantamento de curso<\/a><\/p>\n<p><a href=\"https:\/\/bio.ufpr.br\/zoologia\/wp-content\/uploads\/sites\/29\/2017\/03\/REQUERIMENTO-APROVEITAMENTO-DE-CONHECIMENTO.pdf\" target=\"_blank\" rel=\"noopener\">Requerimento aproveitamento de curso<\/a><\/p>\n<p><a href=\"https:\/\/bio.ufpr.br\/zoologia\/wp-content\/uploads\/sites\/29\/2019\/03\/Ficha-de-Identifica\u00e7\u00e3o-de-Res\u00edduos-Qu\u00edmicos.pdf\">Ficha de Identifica\u00e7\u00e3o de Res\u00edduos Qu\u00edmicos<\/a><\/p>\n<p><a href=\"https:\/\/bio.ufpr.br\/zoologia\/wp-content\/uploads\/sites\/29\/2019\/08\/Ficha-2-disciplinas-Ci\u00eancias-Biol\u00f3gicas.docx\">Ficha 2 disciplinas Ci\u00eancias Biol\u00f3gicas<\/a><\/p>\n<p>&nbsp;<\/p>\n<p>&nbsp;<\/p>\n<p>&nbsp;<\/p>\n<p>&nbsp;<\/p>\n","protected":false},"excerpt":{"rendered":"<p>Requerimento segunda chamada Requerimento revis\u00e3o de prova Requerimento matr\u00edcula disciplina isolada Requerimento matr\u00edcula disciplina eletiva Requerimento adiantamento de curso Requerimento aproveitamento de curso Ficha de [&hellip;]<\/p>\n","protected":false},"author":6,"featured_media":0,"parent":0,"menu_order":0,"comment_status":"closed","ping_status":"closed","template":"","meta":{"_acf_changed":false,"_monsterinsights_skip_tracking":false,"_monsterinsights_sitenote_active":false,"_monsterinsights_sitenote_note":"","_monsterinsights_sitenote_category":0,"footnotes":""},"class_list":["post-769","page","type-page","status-publish","hentry"],"acf":[],"_links":{"self":[{"href":"https:\/\/bio.ufpr.br\/zoologia\/wp-json\/wp\/v2\/pages\/769","targetHints":{"allow":["GET"]}}],"collection":[{"href":"https:\/\/bio.ufpr.br\/zoologia\/wp-json\/wp\/v2\/pages"}],"about":[{"href":"https:\/\/bio.ufpr.br\/zoologia\/wp-json\/wp\/v2\/types\/page"}],"author":[{"embeddable":true,"href":"https:\/\/bio.ufpr.br\/zoologia\/wp-json\/wp\/v2\/users\/6"}],"replies":[{"embeddable":true,"href":"https:\/\/bio.ufpr.br\/zoologia\/wp-json\/wp\/v2\/comments?post=769"}],"version-history":[{"count":8,"href":"https:\/\/bio.ufpr.br\/zoologia\/wp-json\/wp\/v2\/pages\/769\/revisions"}],"predecessor-version":[{"id":4672,"href":"https:\/\/bio.ufpr.br\/zoologia\/wp-json\/wp\/v2\/pages\/769\/revisions\/4672"}],"wp:attachment":[{"href":"https:\/\/bio.ufpr.br\/zoologia\/wp-json\/wp\/v2\/media?parent=769"}],"curies":[{"name":"wp","href":"https:\/\/api.w.org\/{rel}","templated":true}]}}