{"id":773,"date":"2019-12-17T10:36:21","date_gmt":"2019-12-17T10:36:21","guid":{"rendered":"https:\/\/bio.ufpr.br\/zoologia\/?page_id=773"},"modified":"2024-11-06T14:13:59","modified_gmt":"2024-11-06T14:13:59","slug":"ativas","status":"publish","type":"page","link":"https:\/\/bio.ufpr.br\/zoologia\/ativas\/","title":{"rendered":"Ativas"},"content":{"rendered":"<p style=\"text-align: center\"><strong>Disciplinas ATIVAS do Departamento de Zoologia\u00a0<\/strong><\/p>\n<table style=\"height: 851px\" width=\"991\">\n<tbody>\n<tr>\n<td style=\"text-align: center\" width=\"113\"><strong>C\u00d3DIGO DA DISCIPLINA<\/strong><\/td>\n<td style=\"text-align: center\" width=\"342\"><strong>NOME DA DISCIPLINA<\/strong><\/td>\n<td style=\"text-align: center\" width=\"87\"><strong>FICHA 1 EMENTA<\/strong><\/td>\n<td style=\"text-align: center\" width=\"92\"><strong>FICHA 2\u00a0 \u00a02023<\/strong><\/td>\n<td style=\"text-align: center\" width=\"92\"><strong>EMENTA AUTENTICADA<\/strong><\/td>\n<td style=\"text-align: center\" width=\"94\"><strong>MATERIAL\/ P\u00c1GINA<\/strong><\/td>\n<\/tr>\n<tr>\n<td width=\"113\">BIO006<\/td>\n<td width=\"342\">Biologia de Campo I<\/td>\n<td style=\"text-align: center\" width=\"87\"><\/td>\n<td style=\"text-align: center\" width=\"92\"><a href=\"https:\/\/bio.ufpr.br\/zoologia\/wp-content\/uploads\/sites\/29\/2023\/08\/BIO006.pdf\">Ficha 2<\/a><\/td>\n<td width=\"92\"><\/td>\n<td width=\"94\"><\/td>\n<\/tr>\n<tr>\n<td width=\"113\">BIO013<\/td>\n<td width=\"342\">Biologia Protistas e Plantas Avasculares<\/td>\n<td style=\"text-align: center\" width=\"87\"><a href=\"https:\/\/bio.ufpr.br\/zoologia\/wp-content\/uploads\/sites\/29\/2023\/08\/BIO013.-A-partir-de-2012.pdf\">Ementa<\/a><\/td>\n<td style=\"text-align: center\" width=\"92\"><\/td>\n<td style=\"text-align: center\" width=\"92\"><\/td>\n<td style=\"text-align: center\" width=\"94\"><\/td>\n<\/tr>\n<tr>\n<td width=\"113\">BIO019<\/td>\n<td width=\"342\">M\u00e9todos em Biologia Comparada<\/td>\n<td style=\"text-align: center\" width=\"87\"><a href=\"https:\/\/bio.ufpr.br\/zoologia\/wp-content\/uploads\/sites\/29\/2017\/02\/BIO019.pdf\">Ementa<\/a><\/td>\n<td style=\"text-align: center\" width=\"92\"><a href=\"https:\/\/bio.ufpr.br\/zoologia\/wp-content\/uploads\/sites\/29\/2023\/08\/BIO019.Ficha-2.pdf\">Ficha 2<\/a><\/td>\n<td style=\"text-align: center\" width=\"92\"><a href=\"https:\/\/bio.ufpr.br\/zoologia\/wp-content\/uploads\/sites\/29\/2024\/03\/BIO019-METODOS-EM-BIOLOGIA-COMPARADA.pdf\">Ementa<\/a><\/td>\n<td width=\"94\"><\/td>\n<\/tr>\n<tr>\n<td width=\"113\">BIO021<\/td>\n<td width=\"342\">Biologia de Campo II<\/td>\n<td style=\"text-align: center\" width=\"87\"><a href=\"https:\/\/bio.ufpr.br\/zoologia\/wp-content\/uploads\/sites\/29\/2017\/02\/BIO021.pdf\">Ementa<\/a><\/td>\n<td style=\"text-align: center\" width=\"92\"><a href=\"https:\/\/bio.ufpr.br\/zoologia\/wp-content\/uploads\/sites\/29\/2023\/08\/BIO021.Optativa.pdf\">Ficha 2<\/a><\/td>\n<td style=\"text-align: center\" width=\"92\"><a href=\"https:\/\/bio.ufpr.br\/zoologia\/wp-content\/uploads\/sites\/29\/2024\/03\/BIO021-BIOLOGIA-DE-CAMPO-II.pdf\">Ementa<\/a><\/td>\n<td width=\"94\"><\/td>\n<\/tr>\n<tr>\n<td width=\"113\">BIO023<\/td>\n<td width=\"342\">Cole\u00e7\u00f5es Biol\u00f3gicas e Taxonomia<\/td>\n<td style=\"text-align: center\" width=\"87\"><a href=\"https:\/\/bio.ufpr.br\/zoologia\/wp-content\/uploads\/sites\/29\/2017\/02\/BIO023.pdf\">Ementa<\/a><\/td>\n<td style=\"text-align: center\" width=\"92\"><a href=\"https:\/\/bio.ufpr.br\/zoologia\/wp-content\/uploads\/sites\/29\/2023\/08\/BIO023-Ficha-2.pdf\">Ficha 2<\/a><\/td>\n<td style=\"text-align: center\" width=\"92\"><a href=\"https:\/\/bio.ufpr.br\/zoologia\/wp-content\/uploads\/sites\/29\/2024\/03\/BIO023-COLECOES-BIOLOGICAS-E-TAXONOMIA.pdf\">Ementa<\/a><\/td>\n<td width=\"94\"><\/td>\n<\/tr>\n<tr>\n<td width=\"113\">BIO024<\/td>\n<td width=\"342\">Ecologia de Popula\u00e7\u00f5es e Comunidades<\/td>\n<td style=\"text-align: center\" width=\"87\"><a href=\"https:\/\/bio.ufpr.br\/zoologia\/wp-content\/uploads\/sites\/29\/2023\/08\/BIO024.Ficha-1.pdf\">Ementa<\/a><\/td>\n<td style=\"text-align: center\" width=\"92\"><a href=\"https:\/\/bio.ufpr.br\/zoologia\/wp-content\/uploads\/sites\/29\/2023\/08\/BIO024.-FICHA-2.pdf\">Ficha 2<\/a><\/td>\n<td style=\"text-align: center\" width=\"92\"><\/td>\n<td width=\"94\"><\/td>\n<\/tr>\n<tr>\n<td width=\"113\">BIO029<\/td>\n<td width=\"342\">Estudos de Impacto Ambiental<\/td>\n<td style=\"text-align: center\" width=\"87\"><\/td>\n<td style=\"text-align: center\" width=\"92\"><\/td>\n<td style=\"text-align: center\" width=\"92\"><a href=\"https:\/\/bio.ufpr.br\/zoologia\/wp-content\/uploads\/sites\/29\/2024\/03\/BIO029-ESTUDOS-DE-IMPACTO-AMBIENTAL.pdf\">Ementa<\/a><\/td>\n<td width=\"94\"><\/td>\n<\/tr>\n<tr>\n<td width=\"113\">BZ007<\/td>\n<td width=\"342\">Entomologia<\/td>\n<td style=\"text-align: center\" width=\"87\"><\/td>\n<td style=\"text-align: center\" width=\"92\"><a href=\"https:\/\/bio.ufpr.br\/zoologia\/wp-content\/uploads\/sites\/29\/2019\/12\/FICHA-2-BZ007.pdf\">Ficha 2<\/a><\/td>\n<td style=\"text-align: center\" width=\"92\"><a href=\"https:\/\/bio.ufpr.br\/zoologia\/wp-content\/uploads\/sites\/29\/2024\/03\/BZ007-ENTOMOLOGIA.pdf\">Ementa<\/a><\/td>\n<td width=\"94\"><\/td>\n<\/tr>\n<tr>\n<td width=\"113\">BZ029<\/td>\n<td width=\"342\">Est\u00e1gio II &#8211; Zoologia<\/td>\n<td style=\"text-align: center\" width=\"87\"><a href=\"https:\/\/bio.ufpr.br\/zoologia\/wp-content\/uploads\/sites\/29\/2023\/08\/BZ029-Ficha-1.pdf\">Ementa<\/a><\/td>\n<td style=\"text-align: center\" width=\"92\"><a href=\"https:\/\/bio.ufpr.br\/zoologia\/wp-content\/uploads\/sites\/29\/2023\/08\/BZ029-Ficha-2.pdf\">Ficha 2<\/a><\/td>\n<td style=\"text-align: center\" width=\"92\"><\/td>\n<td width=\"94\"><\/td>\n<\/tr>\n<tr>\n<td width=\"113\">BZ030<\/td>\n<td width=\"342\">Introdu\u00e7\u00e3o a Etologia<\/td>\n<td style=\"text-align: center\" width=\"87\"><a href=\"https:\/\/bio.ufpr.br\/zoologia\/wp-content\/uploads\/sites\/29\/2023\/08\/BZ030.-Ficha-1.A-partir-de-2020.pdf\">Ementa<\/a><\/td>\n<td style=\"text-align: center\" width=\"92\"><a href=\"https:\/\/bio.ufpr.br\/zoologia\/wp-content\/uploads\/sites\/29\/2019\/12\/FICHA-2-BZ030.pdf\">Ficha 2<\/a><\/td>\n<td style=\"text-align: center\" width=\"92\"><a href=\"https:\/\/bio.ufpr.br\/zoologia\/wp-content\/uploads\/sites\/29\/2024\/03\/BZ030-INTRODUCAO-A-ETOLOGIA.pdf\">Ementa<\/a><\/td>\n<td width=\"94\"><\/td>\n<\/tr>\n<tr>\n<td width=\"113\">BZ033<\/td>\n<td width=\"342\">Manejo e Conserva\u00e7\u00e3o da fauna silvestre<\/td>\n<td style=\"text-align: center\" width=\"87\"><a href=\"https:\/\/bio.ufpr.br\/zoologia\/wp-content\/uploads\/sites\/29\/2023\/09\/BZ033.-Ficha-1.pdf\">Ementa<\/a><\/td>\n<td style=\"text-align: center\" width=\"92\"><a href=\"https:\/\/bio.ufpr.br\/zoologia\/wp-content\/uploads\/sites\/29\/2019\/12\/FICHA-2-BZ033.pdf\">Ficha 2<\/a><\/td>\n<td style=\"text-align: center\" width=\"92\"><a href=\"https:\/\/bio.ufpr.br\/zoologia\/wp-content\/uploads\/sites\/29\/2024\/03\/BZ033-MANEJO-E-CONSERVACAO-DA-FAUNA-SILVESTRE.pdf\">Ementa<\/a><\/td>\n<td width=\"94\"><\/td>\n<\/tr>\n<tr>\n<td width=\"113\">BZ046<\/td>\n<td width=\"342\">Metazoa I<\/td>\n<td style=\"text-align: center\" width=\"87\"><a href=\"https:\/\/bio.ufpr.br\/zoologia\/wp-content\/uploads\/sites\/29\/2017\/02\/BZ046.pdf\">Ementa<\/a><\/td>\n<td style=\"text-align: center\" width=\"92\"><a href=\"https:\/\/bio.ufpr.br\/zoologia\/wp-content\/uploads\/sites\/29\/2019\/12\/FICHA-2-BZ046.pdf\">Ficha 2<\/a><\/td>\n<td style=\"text-align: center\" width=\"92\"><a href=\"https:\/\/bio.ufpr.br\/zoologia\/wp-content\/uploads\/sites\/29\/2024\/03\/BZ046-METAZOA-I.pdf\">Ementa<\/a><\/td>\n<td width=\"94\"><\/td>\n<\/tr>\n<tr>\n<td width=\"113\">BZ047<\/td>\n<td width=\"342\">Metazoa II<\/td>\n<td style=\"text-align: center\" width=\"87\"><a href=\"https:\/\/bio.ufpr.br\/zoologia\/wp-content\/uploads\/sites\/29\/2023\/09\/BZ047-Ficha-1.pdf\">Ementa<\/a><\/td>\n<td style=\"text-align: center\" width=\"92\"><a href=\"https:\/\/bio.ufpr.br\/zoologia\/wp-content\/uploads\/sites\/29\/2019\/12\/FICHA-2-BZ047.pdf\">Ficha 2<\/a><\/td>\n<td style=\"text-align: center\" width=\"92\"><a href=\"https:\/\/bio.ufpr.br\/zoologia\/wp-content\/uploads\/sites\/29\/2024\/03\/BZ047-METAZOA-II.pdf\">Ementa<\/a><\/td>\n<td width=\"94\"><\/td>\n<\/tr>\n<tr>\n<td width=\"113\">BZ048<\/td>\n<td width=\"342\">Metazoa III<\/td>\n<td style=\"text-align: center\" width=\"87\"><a href=\"https:\/\/bio.ufpr.br\/zoologia\/wp-content\/uploads\/sites\/29\/2017\/02\/BZ048.pdf\">Ementa<\/a><\/td>\n<td style=\"text-align: center\" width=\"92\"><a href=\"https:\/\/bio.ufpr.br\/zoologia\/wp-content\/uploads\/sites\/29\/2019\/12\/FICHA-2-BZ048.pdf\">Ficha 2<\/a><\/td>\n<td style=\"text-align: center\" width=\"92\"><a href=\"https:\/\/bio.ufpr.br\/zoologia\/wp-content\/uploads\/sites\/29\/2024\/03\/BZ048-METAZOA-III.pdf\">Ementa<\/a><\/td>\n<td style=\"text-align: center\" width=\"94\"><a href=\"http:\/\/www.labsia.ufpr.br\/BZ048.html\">\u00a0Material<\/a><\/td>\n<\/tr>\n<tr>\n<td width=\"113\">BZ049<\/td>\n<td width=\"342\">Metazoa IV<\/td>\n<td style=\"text-align: center\" width=\"87\"><a href=\"https:\/\/bio.ufpr.br\/zoologia\/wp-content\/uploads\/sites\/29\/2023\/09\/BZ049.-Ficha-1.pdf\">Ementa<\/a><\/td>\n<td style=\"text-align: center\" width=\"92\"><a href=\"https:\/\/bio.ufpr.br\/zoologia\/wp-content\/uploads\/sites\/29\/2019\/12\/FICHA-2-BZ049.pdf\">Ficha 2<\/a><\/td>\n<td style=\"text-align: center\" width=\"92\"><a href=\"https:\/\/bio.ufpr.br\/zoologia\/wp-content\/uploads\/sites\/29\/2024\/03\/BZ049-METAZOA-IV.pdf\">Ementa<\/a><\/td>\n<td style=\"text-align: center\" width=\"94\"><\/td>\n<\/tr>\n<tr>\n<td width=\"113\">BZ050<\/td>\n<td width=\"342\">Biogeografia<\/td>\n<td style=\"text-align: center\" width=\"87\"><a href=\"https:\/\/bio.ufpr.br\/zoologia\/wp-content\/uploads\/sites\/29\/2017\/02\/BZ050.pdf\">Ementa<\/a><\/td>\n<td style=\"text-align: center\" width=\"92\"><a href=\"https:\/\/bio.ufpr.br\/zoologia\/wp-content\/uploads\/sites\/29\/2019\/12\/FICHA-2-BZ050.pdf\">Ficha 2<\/a><\/td>\n<td style=\"text-align: center\" width=\"92\"><a href=\"https:\/\/bio.ufpr.br\/zoologia\/wp-content\/uploads\/sites\/29\/2024\/03\/BZ050-BIOGEOGRAFIA.pdf\">Ementa<\/a><\/td>\n<td style=\"text-align: center\" width=\"94\"><a href=\"https:\/\/cjbcarva.wixsite.com\/biodiversity\/bz050-biogeography\">\u00a0Material<\/a><\/td>\n<\/tr>\n<tr>\n<td width=\"113\">BZ057<\/td>\n<td width=\"342\">Introdu\u00e7\u00e3o a Biologia Marinha<\/td>\n<td style=\"text-align: center\" width=\"87\"><a href=\"https:\/\/bio.ufpr.br\/zoologia\/wp-content\/uploads\/sites\/29\/2017\/02\/BZ057.pdf\">Ementa<\/a><\/td>\n<td style=\"text-align: center\" width=\"92\"><a href=\"https:\/\/bio.ufpr.br\/zoologia\/wp-content\/uploads\/sites\/29\/2019\/12\/FICHA-2-BZ057.pdf\">Ficha 2<\/a><\/td>\n<td style=\"text-align: center\" width=\"92\"><a href=\"https:\/\/bio.ufpr.br\/zoologia\/wp-content\/uploads\/sites\/29\/2024\/03\/BZ057-INTRODUCAO-A-BIOLOGIA-MARINHA.pdf\">Ementa<\/a><\/td>\n<td style=\"text-align: center\" width=\"94\"><\/td>\n<\/tr>\n<tr>\n<td width=\"113\">BZ058<\/td>\n<td width=\"342\">Manejo e Conserva\u00e7\u00e3o da Fauna<\/td>\n<td style=\"text-align: center\" width=\"87\"><a href=\"https:\/\/bio.ufpr.br\/zoologia\/wp-content\/uploads\/sites\/29\/2024\/11\/Ementa-BZ058.pdf\">Ementa<\/a><\/td>\n<td style=\"text-align: center\" width=\"92\"><\/td>\n<td style=\"text-align: center\" width=\"92\"><\/td>\n<td style=\"text-align: center\" width=\"94\"><\/td>\n<\/tr>\n<tr>\n<td width=\"113\">BZ062<\/td>\n<td width=\"342\">Zoologia Aplicada \u00e0 Eng. Florestal<\/td>\n<td style=\"text-align: center\" width=\"87\"><a href=\"https:\/\/bio.ufpr.br\/zoologia\/wp-content\/uploads\/sites\/29\/2023\/09\/BZ062.-Ficha-1.pdf\">Ementa<\/a><\/td>\n<td style=\"text-align: center\" width=\"92\"><a href=\"https:\/\/bio.ufpr.br\/zoologia\/wp-content\/uploads\/sites\/29\/2019\/12\/FICHA-2-BZ062.pdf\">Ficha 2<\/a><\/td>\n<td style=\"text-align: center\" width=\"92\"><a href=\"https:\/\/bio.ufpr.br\/zoologia\/wp-content\/uploads\/sites\/29\/2024\/03\/BZ062-ZOOLOGIA-APLICADA-A-ENGENHARIA-FLORESTAL.pdf\">Ementa<\/a><\/td>\n<td style=\"text-align: center\" width=\"94\"><\/td>\n<\/tr>\n<tr>\n<td width=\"113\">BZ063<\/td>\n<td width=\"342\">Entomologia Aplicada \u00e0 Floresta<\/td>\n<td style=\"text-align: center\" width=\"87\"><a href=\"https:\/\/bio.ufpr.br\/zoologia\/wp-content\/uploads\/sites\/29\/2023\/09\/BZ063.Ficha-1.pdf\">Ementa<\/a><\/td>\n<td style=\"text-align: center\" width=\"92\"><a href=\"https:\/\/bio.ufpr.br\/zoologia\/wp-content\/uploads\/sites\/29\/2019\/12\/FICHA-2-BZ063.pdf\">Ficha 2<\/a><\/td>\n<td style=\"text-align: center\" width=\"92\"><a href=\"https:\/\/bio.ufpr.br\/zoologia\/wp-content\/uploads\/sites\/29\/2024\/03\/BZ063-ENTOMOLOGIA-APLICADA-A-FLORESTA.pdf\">Ementa<\/a><\/td>\n<td style=\"text-align: center\" width=\"94\"><\/td>\n<\/tr>\n<tr>\n<td width=\"113\">BZ065<\/td>\n<td width=\"342\">Fundamentos da Ecologia Evolutiva<\/td>\n<td style=\"text-align: center\" width=\"87\"><a href=\"https:\/\/bio.ufpr.br\/zoologia\/wp-content\/uploads\/sites\/29\/2017\/02\/BZ065.pdf\">Ementa<\/a><\/td>\n<td style=\"text-align: center\" width=\"92\"><a href=\"https:\/\/bio.ufpr.br\/zoologia\/wp-content\/uploads\/sites\/29\/2019\/12\/FICHA-2-BZ065.pdf\">Ficha 2<\/a><\/td>\n<td style=\"text-align: center\" width=\"92\"><a href=\"https:\/\/bio.ufpr.br\/zoologia\/wp-content\/uploads\/sites\/29\/2024\/03\/BZ065-FUNDAMENTOS-DE-ECOLOGIA-EVOLUTIVA.pdf\">Ementa<\/a><\/td>\n<td style=\"text-align: center\" width=\"94\"><\/td>\n<\/tr>\n<tr>\n<td width=\"113\">BZ067<\/td>\n<td width=\"342\">Biologia de Mam\u00edferos<\/td>\n<td style=\"text-align: center\" width=\"87\"><a href=\"https:\/\/bio.ufpr.br\/zoologia\/wp-content\/uploads\/sites\/29\/2023\/09\/BZ067.-Ficha-1.pdf\">Ementa<\/a><\/td>\n<td style=\"text-align: center\" width=\"92\"><a href=\"https:\/\/bio.ufpr.br\/zoologia\/wp-content\/uploads\/sites\/29\/2019\/12\/FICHA-2-BZ-067.pdf\">Ficha 2<\/a><\/td>\n<td style=\"text-align: center\" width=\"92\"><a href=\"https:\/\/bio.ufpr.br\/zoologia\/wp-content\/uploads\/sites\/29\/2024\/03\/BZ067-BIOLOGIA-DE-MAMIFEROS.pdf\">Ementa<\/a><\/td>\n<td style=\"text-align: center\" width=\"94\"><\/td>\n<\/tr>\n<tr>\n<td width=\"113\">BZ069<\/td>\n<td width=\"342\">Ornitologia<\/td>\n<td style=\"text-align: center\" width=\"87\"><a href=\"https:\/\/bio.ufpr.br\/zoologia\/wp-content\/uploads\/sites\/29\/2023\/09\/BZ069.-Ficha-1.pdf\">Ementa<\/a><\/td>\n<td style=\"text-align: center\" width=\"92\"><a href=\"https:\/\/bio.ufpr.br\/zoologia\/wp-content\/uploads\/sites\/29\/2023\/09\/BZ069.-Ficha-2.pdf\">Ficha 2<\/a><\/td>\n<td style=\"text-align: center\" width=\"92\"><a href=\"https:\/\/bio.ufpr.br\/zoologia\/wp-content\/uploads\/sites\/29\/2024\/03\/BZ069-ORNITOLOGIA.pdf\">Ementa<\/a><\/td>\n<td style=\"text-align: center\" width=\"94\"><\/td>\n<\/tr>\n<tr>\n<td width=\"113\">BZ070<\/td>\n<td width=\"342\">Zoologia para Agronomia<\/td>\n<td style=\"text-align: center\" width=\"87\"><a href=\"https:\/\/bio.ufpr.br\/zoologia\/wp-content\/uploads\/sites\/29\/2017\/02\/BZ070.pdf\">Ementa<\/a><\/td>\n<td style=\"text-align: center\" width=\"92\"><a href=\"https:\/\/bio.ufpr.br\/zoologia\/wp-content\/uploads\/sites\/29\/2019\/12\/FICHA-2-BZ070.pdf\">Ficha 2<\/a><\/td>\n<td style=\"text-align: center\" width=\"92\"><a href=\"https:\/\/bio.ufpr.br\/zoologia\/wp-content\/uploads\/sites\/29\/2024\/03\/BZ070-ZOOLOGIA-APLICADA-A-AGRONOMIA.pdf\">Ementa<\/a><\/td>\n<td style=\"text-align: center\" width=\"94\"><\/td>\n<\/tr>\n<tr>\n<td width=\"113\">BZ071<\/td>\n<td width=\"342\">Entomologia Agr\u00edcola<\/td>\n<td style=\"text-align: center\" width=\"87\"><a href=\"https:\/\/bio.ufpr.br\/zoologia\/wp-content\/uploads\/sites\/29\/2017\/02\/BZ071.pdf\">Ementa<\/a><\/td>\n<td style=\"text-align: center\" width=\"92\"><a href=\"https:\/\/bio.ufpr.br\/zoologia\/wp-content\/uploads\/sites\/29\/2019\/12\/FICHA-2-BZ071.pdf\">Ficha 2<\/a><\/td>\n<td style=\"text-align: center\" width=\"92\"><a href=\"https:\/\/bio.ufpr.br\/zoologia\/wp-content\/uploads\/sites\/29\/2024\/03\/BZ071-ENTOMOLOGIA-AGRICOLA.pdf\">Ementa<\/a><\/td>\n<td style=\"text-align: center\" width=\"94\"><\/td>\n<\/tr>\n<tr>\n<td width=\"113\">BZ072<\/td>\n<td width=\"342\">Intera\u00e7\u00f5es Inseto-Planta<\/td>\n<td style=\"text-align: center\" width=\"87\"><a href=\"https:\/\/bio.ufpr.br\/zoologia\/wp-content\/uploads\/sites\/29\/2017\/02\/BZ072.pdf\">Ementa<\/a><\/td>\n<td style=\"text-align: center\" width=\"92\"><a href=\"https:\/\/bio.ufpr.br\/zoologia\/wp-content\/uploads\/sites\/29\/2019\/12\/FICHA-2-BZ072.pdf\">Ficha 2<\/a><\/td>\n<td style=\"text-align: center\" width=\"92\"><a href=\"https:\/\/bio.ufpr.br\/zoologia\/wp-content\/uploads\/sites\/29\/2024\/03\/BZ072-INTERACOES-INSETO-PLANTA.pdf\">Ementa<\/a><\/td>\n<td style=\"text-align: center\" width=\"94\"><\/td>\n<\/tr>\n<tr>\n<td width=\"113\">BZ077<\/td>\n<td width=\"342\">Atualidades em Evolu\u00e7\u00e3o e Ecologia<\/td>\n<td style=\"text-align: center\" width=\"87\"><a href=\"https:\/\/bio.ufpr.br\/zoologia\/wp-content\/uploads\/sites\/29\/2023\/09\/BZ077.-Ficha-1.pdf\">Ementa<\/a><\/td>\n<td style=\"text-align: center\" width=\"92\"><a href=\"https:\/\/bio.ufpr.br\/zoologia\/wp-content\/uploads\/sites\/29\/2023\/09\/BZ077.-Ficha-2.pdf\">Ficha 2<\/a><\/td>\n<td style=\"text-align: center\" width=\"92\"><a href=\"https:\/\/bio.ufpr.br\/zoologia\/wp-content\/uploads\/sites\/29\/2024\/03\/BZ077-ATUALIDADES-EM-EVOLUCAO-E-ECOLOGIA.pdf\">Ementa<\/a><\/td>\n<td style=\"text-align: center\" width=\"94\"><\/td>\n<\/tr>\n<tr>\n<td width=\"113\">BZ078<\/td>\n<td width=\"342\">Introdu\u00e7\u00e3o \u00e0 Biomec\u00e2nica<\/td>\n<td style=\"text-align: center\" width=\"87\"><a href=\"https:\/\/bio.ufpr.br\/zoologia\/wp-content\/uploads\/sites\/29\/2023\/11\/FICHA-1-BZ078-Introdu\u00e7\u00e3o-\u00e0-Biomec\u00e2nica.pdf\">Ementa<\/a><\/td>\n<td style=\"text-align: center\" width=\"92\"><\/td>\n<td style=\"text-align: center\" width=\"92\"><a href=\"https:\/\/bio.ufpr.br\/zoologia\/wp-content\/uploads\/sites\/29\/2024\/03\/BZ078-INTRODUCAO-A-BIOMECANICA.pdf\">Ementa<\/a><\/td>\n<td style=\"text-align: center\" width=\"94\"><\/td>\n<\/tr>\n<tr>\n<td width=\"113\">BZ079<\/td>\n<td width=\"342\">Zoologia Urbana e Forense<\/td>\n<td style=\"text-align: center\" width=\"87\"><a href=\"https:\/\/bio.ufpr.br\/zoologia\/wp-content\/uploads\/sites\/29\/2023\/09\/BZ079.-Ficha-1.pdf\">Ementa<\/a><\/td>\n<td style=\"text-align: center\" width=\"92\"><a href=\"https:\/\/bio.ufpr.br\/zoologia\/wp-content\/uploads\/sites\/29\/2023\/09\/BZ079.-Ficha-2.pdf\">Ficha 2<\/a><\/td>\n<td style=\"text-align: center\" width=\"92\"><a href=\"https:\/\/bio.ufpr.br\/zoologia\/wp-content\/uploads\/sites\/29\/2024\/03\/BZ079-ZOOLOGIA-URBANA-E-FORENSE.pdf\">Ementa<\/a><\/td>\n<td style=\"text-align: center\" width=\"94\"><\/td>\n<\/tr>\n<tr>\n<td width=\"113\">BZ080<\/td>\n<td width=\"342\">Ecologia, Evolu\u00e7\u00e3o e Conserva\u00e7\u00e3o dos Recifes de Corais<\/td>\n<td style=\"text-align: center\" width=\"87\"><a href=\"https:\/\/bio.ufpr.br\/zoologia\/wp-content\/uploads\/sites\/29\/2023\/11\/FICHA-1-BZ080-Ecologia-Evolu\u00e7\u00e3o-e-Conserva\u00e7\u00e3o-dos-Recifes-de-Corais.pdf\">Ementa<\/a><\/td>\n<td style=\"text-align: center\" width=\"92\"><\/td>\n<td style=\"text-align: center\" width=\"92\"><a href=\"https:\/\/bio.ufpr.br\/zoologia\/wp-content\/uploads\/sites\/29\/2024\/03\/BZ080-ECOLOGIA-EVOLUCAO-E-CONSERVACAO-DOS-RECIFES-DE-CORAIS.pdf\">Ementa<\/a><\/td>\n<td style=\"text-align: center\" width=\"94\"><\/td>\n<\/tr>\n<tr>\n<td width=\"113\">BZ081<\/td>\n<td width=\"342\">Abelhas e Meio Ambiente<\/td>\n<td style=\"text-align: center\" width=\"87\"><a href=\"https:\/\/bio.ufpr.br\/zoologia\/wp-content\/uploads\/sites\/29\/2023\/11\/FICHA-1-BZ081-ABELHAS-MEIO-AMBIENTE.pdf\">Ementa<\/a><\/td>\n<td style=\"text-align: center\" width=\"92\"><\/td>\n<td style=\"text-align: center\" width=\"92\"><a href=\"https:\/\/bio.ufpr.br\/zoologia\/wp-content\/uploads\/sites\/29\/2024\/03\/BZ081-ABELHAS-E-MEIO-AMBIENTE.pdf\">Ementa<\/a><\/td>\n<td style=\"text-align: center\" width=\"94\"><\/td>\n<\/tr>\n<tr>\n<td width=\"113\">BZ082<\/td>\n<td width=\"342\">Herpetologia<\/td>\n<td style=\"text-align: center\" width=\"87\"><a href=\"https:\/\/bio.ufpr.br\/zoologia\/wp-content\/uploads\/sites\/29\/2023\/11\/FICHA-1-BZ082-Herpetologia.pdf\">Ementa<\/a><\/td>\n<td style=\"text-align: center\" width=\"92\"><\/td>\n<td style=\"text-align: center\" width=\"92\"><a href=\"https:\/\/bio.ufpr.br\/zoologia\/wp-content\/uploads\/sites\/29\/2024\/03\/BZ082-HERPETOLOGIA.pdf\">Ementa<\/a><\/td>\n<td style=\"text-align: center\" width=\"94\"><\/td>\n<\/tr>\n<tr>\n<td width=\"113\">BZ083<\/td>\n<td width=\"342\">Zoologia de Campo<\/td>\n<td style=\"text-align: center\" width=\"87\"><a href=\"https:\/\/bio.ufpr.br\/zoologia\/wp-content\/uploads\/sites\/29\/2023\/11\/FICHA-1-BZ083-Zoologia-de-Campo_2023.pdf\">Ementa<\/a><\/td>\n<td style=\"text-align: center\" width=\"92\"><\/td>\n<td style=\"text-align: center\" width=\"92\"><a href=\"https:\/\/bio.ufpr.br\/zoologia\/wp-content\/uploads\/sites\/29\/2024\/03\/BZ083-ZOOLOGIA-DE-CAMPO.pdf\">Ementa<\/a><\/td>\n<td style=\"text-align: center\" width=\"94\"><\/td>\n<\/tr>\n<\/tbody>\n<\/table>\n<p><\/p>\n","protected":false},"excerpt":{"rendered":"<p>Disciplinas ATIVAS do Departamento de Zoologia\u00a0 C\u00d3DIGO DA DISCIPLINA NOME DA DISCIPLINA FICHA 1 EMENTA FICHA 2\u00a0 \u00a02023 EMENTA AUTENTICADA MATERIAL\/ P\u00c1GINA BIO006 Biologia de [&hellip;]<\/p>\n","protected":false},"author":6,"featured_media":0,"parent":0,"menu_order":0,"comment_status":"closed","ping_status":"closed","template":"","meta":{"_acf_changed":false,"_monsterinsights_skip_tracking":false,"_monsterinsights_sitenote_active":false,"_monsterinsights_sitenote_note":"","_monsterinsights_sitenote_category":0,"footnotes":""},"class_list":["post-773","page","type-page","status-publish","hentry"],"acf":[],"_links":{"self":[{"href":"https:\/\/bio.ufpr.br\/zoologia\/wp-json\/wp\/v2\/pages\/773","targetHints":{"allow":["GET"]}}],"collection":[{"href":"https:\/\/bio.ufpr.br\/zoologia\/wp-json\/wp\/v2\/pages"}],"about":[{"href":"https:\/\/bio.ufpr.br\/zoologia\/wp-json\/wp\/v2\/types\/page"}],"author":[{"embeddable":true,"href":"https:\/\/bio.ufpr.br\/zoologia\/wp-json\/wp\/v2\/users\/6"}],"replies":[{"embeddable":true,"href":"https:\/\/bio.ufpr.br\/zoologia\/wp-json\/wp\/v2\/comments?post=773"}],"version-history":[{"count":97,"href":"https:\/\/bio.ufpr.br\/zoologia\/wp-json\/wp\/v2\/pages\/773\/revisions"}],"predecessor-version":[{"id":4585,"href":"https:\/\/bio.ufpr.br\/zoologia\/wp-json\/wp\/v2\/pages\/773\/revisions\/4585"}],"wp:attachment":[{"href":"https:\/\/bio.ufpr.br\/zoologia\/wp-json\/wp\/v2\/media?parent=773"}],"curies":[{"name":"wp","href":"https:\/\/api.w.org\/{rel}","templated":true}]}}