{"id":779,"date":"2020-07-22T08:38:42","date_gmt":"2020-07-22T08:38:42","guid":{"rendered":"https:\/\/bio.ufpr.br\/zoologia\/?page_id=779"},"modified":"2024-08-01T18:30:12","modified_gmt":"2024-08-01T18:30:12","slug":"colecoes-cientificas","status":"publish","type":"page","link":"https:\/\/bio.ufpr.br\/zoologia\/colecoes-cientificas\/","title":{"rendered":"Cole\u00e7\u00f5es Zool\u00f3gicas"},"content":{"rendered":"<p style=\"text-align: justify\">Cole\u00e7\u00f5es Zool\u00f3gicas: O departamento de Zoologia possui espa\u00e7os voltados exclusivamente para deposi\u00e7\u00e3o e conserva\u00e7\u00e3o de material zool\u00f3gico que \u00e9 utilizado nas atividades did\u00e1ticas e cient\u00edficas do seu corpo docente. Cada ambiente possui infraestrutura especializada para conserva\u00e7\u00e3o dos diferentes grupos taxon\u00f4micos, bem como para a finalidade \u00e0 qual o material \u00e9 disponibilizado. Docentes e t\u00e9cnicos participam ativamente n\u00e3o apenas no uso do material nas atividades acad\u00eamicas, como tamb\u00e9m no gerenciamento de cada unidade, sendo elas:<\/p>\n<div style=\"text-align: justify\">\u00a0<strong>Cole\u00e7\u00f5es Cient\u00edficas<\/strong><\/div>\n<div>\n<ol>\n<li>Cole\u00e7\u00e3o Entomol\u00f3gica Pe. Jesus Santiago Moure<\/li>\n<li>Cole\u00e7\u00e3o de Invertebrados (via l\u00edquida)<\/li>\n<li>Cole\u00e7\u00e3o Cient\u00edfica de Mastozoologia<\/li>\n<\/ol>\n<div><strong>Cole\u00e7\u00f5es Did\u00e1ticas<\/strong><\/div>\n<ol>\n<li>Cole\u00e7\u00e3o Did\u00e1tica de Invertebrados<\/li>\n<li>Cole\u00e7\u00e3o Did\u00e1tica de Entomologia<\/li>\n<li>Cole\u00e7\u00e3o Did\u00e1tica de Vertebrados<\/li>\n<\/ol>\n<\/div>\n<div class=\"x_elementToProof x_ContentPasted0\">\n<p>A cole\u00e7\u00e3o entomol\u00f3gica, Cole\u00e7\u00e3o Pe. Jesus Santiago Moure, \u00e9 atualmente a segunda maior cole\u00e7\u00e3o de insetos no Brasil, com um acervo de mais de 3 milh\u00f5es de exemplares montados e mais de 3000 tipos prim\u00e1rios. Al\u00e9m de ser um reposit\u00f3rio de exemplares, \u00e9 um centro de pesquisa consultado por pesquisadores e alunos de p\u00f3s-gradua\u00e7\u00e3o de diversas institui\u00e7\u00f5es nacionais e internacionais. Temos equipamentos \u00f3pticos a disposi\u00e7\u00e3o dos usu\u00e1rios, incluindo a toma de imagens. Maiores informa\u00e7\u00f5es dispon\u00edveis no website da DZUP: https:\/\/dzupufpr.wixsite.com\/colecao.<\/p>\n<p><a class=\"https:\/\/dzupufpr.wixsite.com\/colecao\" href=\"https:\/\/dzupufpr.wixsite.com\/colecao\"><img loading=\"lazy\" decoding=\"async\" class=\"alignnone wp-image-4551 size-medium\" src=\"https:\/\/bio.ufpr.br\/zoologia\/wp-content\/uploads\/sites\/29\/2024\/08\/DZUP-300x67.jpg\" alt=\"\" width=\"300\" height=\"67\" srcset=\"https:\/\/bio.ufpr.br\/zoologia\/wp-content\/uploads\/sites\/29\/2024\/08\/DZUP-300x67.jpg 300w, https:\/\/bio.ufpr.br\/zoologia\/wp-content\/uploads\/sites\/29\/2024\/08\/DZUP.jpg 545w\" sizes=\"auto, (max-width: 300px) 100vw, 300px\" \/><\/a><\/p>\n<p>Contato: dzup.ufpr@gmail.com<\/p>\n<\/div>\n<p><!--more--><\/p>\n<div class=\"x_elementToProof\"><\/div>\n","protected":false},"excerpt":{"rendered":"<p>Cole\u00e7\u00f5es Zool\u00f3gicas: O departamento de Zoologia possui espa\u00e7os voltados exclusivamente para deposi\u00e7\u00e3o e conserva\u00e7\u00e3o de material zool\u00f3gico que \u00e9 utilizado nas atividades did\u00e1ticas e cient\u00edficas [&hellip;]<\/p>\n","protected":false},"author":6,"featured_media":0,"parent":0,"menu_order":0,"comment_status":"closed","ping_status":"closed","template":"","meta":{"_acf_changed":false,"_monsterinsights_skip_tracking":false,"_monsterinsights_sitenote_active":false,"_monsterinsights_sitenote_note":"","_monsterinsights_sitenote_category":0,"footnotes":""},"class_list":["post-779","page","type-page","status-publish","hentry"],"acf":[],"_links":{"self":[{"href":"https:\/\/bio.ufpr.br\/zoologia\/wp-json\/wp\/v2\/pages\/779","targetHints":{"allow":["GET"]}}],"collection":[{"href":"https:\/\/bio.ufpr.br\/zoologia\/wp-json\/wp\/v2\/pages"}],"about":[{"href":"https:\/\/bio.ufpr.br\/zoologia\/wp-json\/wp\/v2\/types\/page"}],"author":[{"embeddable":true,"href":"https:\/\/bio.ufpr.br\/zoologia\/wp-json\/wp\/v2\/users\/6"}],"replies":[{"embeddable":true,"href":"https:\/\/bio.ufpr.br\/zoologia\/wp-json\/wp\/v2\/comments?post=779"}],"version-history":[{"count":16,"href":"https:\/\/bio.ufpr.br\/zoologia\/wp-json\/wp\/v2\/pages\/779\/revisions"}],"predecessor-version":[{"id":4555,"href":"https:\/\/bio.ufpr.br\/zoologia\/wp-json\/wp\/v2\/pages\/779\/revisions\/4555"}],"wp:attachment":[{"href":"https:\/\/bio.ufpr.br\/zoologia\/wp-json\/wp\/v2\/media?parent=779"}],"curies":[{"name":"wp","href":"https:\/\/api.w.org\/{rel}","templated":true}]}}