{"id":849,"date":"2017-07-04T13:46:29","date_gmt":"2017-07-04T13:46:29","guid":{"rendered":"https:\/\/bio.ufpr.br\/zoologia\/?page_id=849"},"modified":"2018-04-12T17:19:09","modified_gmt":"2018-04-12T17:19:09","slug":"programa-de-voluntariado-academico","status":"publish","type":"page","link":"https:\/\/bio.ufpr.br\/zoologia\/programa-de-voluntariado-academico\/","title":{"rendered":"Programa de Voluntariado Acad\u00eamico"},"content":{"rendered":"<p><strong><span style=\"color: #008000\">Considera\u00e7\u00f5es importantes<\/span>:<\/strong><\/p>\n<ul>\n<li>Acompanhe\/oriente o preenchimento dos formul\u00e1rios;<\/li>\n<li>Solicite a aprova\u00e7\u00e3o do PVA em Reuni\u00e3o Departamental;<\/li>\n<li>Ap\u00f3s aprovado a secretaria anexar\u00e1 o extrato de ata e dar\u00e1 os encaminhamentos necess\u00e1rios;<\/li>\n<li>Per\u00edodo superior a um m\u00eas e inferior a um ano;<\/li>\n<li>Data de in\u00edcio somente ap\u00f3s registro PROGRAD (considerar tempo necess\u00e1rio para tramita\u00e7\u00e3o, indicado por volta de 15 dias);<\/li>\n<li>N\u00e3o deve prever atividades de campo;<\/li>\n<li>Os processos abertos de PVA, ser\u00e3o atribu\u00eddos ao orientador no SEI;<\/li>\n<li>Os PVAs ser\u00e3o agrupados em pasta de acompanhamento especial com nome de PVAs;<\/li>\n<li>Usar como base para o relat\u00f3rio final e termo de rescis\u00e3o as informa\u00e7\u00f5es\u00a0de datas aprovadas quando do registro;<\/li>\n<li>Ap\u00f3s recebimento certificados, o processo deve ser conclu\u00eddo.<\/li>\n<\/ul>\n<p><strong><a href=\"http:\/\/www.prograd.ufpr.br\/copeg\/pva-programa-voluntariado-academico\/\" target=\"_blank\"><span style=\"color: #008000\">Base legal &#8211; PROGRAD<\/span><\/a><\/strong><\/p>\n<p><a href=\"https:\/\/bio.ufpr.br\/zoologia\/wp-content\/uploads\/sites\/29\/2017\/07\/PROGRAMA-DE-VOLUNTARIADO-ACAD\u00caMICO-SEI-Apostila-Denise-1.pdf\" target=\"_blank\"><strong><span style=\"color: #008000\">Tutorial abertura processo SEI &#8211; PVA (elabora por Camila Sandrini)<\/span><\/strong><\/a><\/p>\n","protected":false},"excerpt":{"rendered":"<p>Considera\u00e7\u00f5es importantes: Acompanhe\/oriente o preenchimento dos formul\u00e1rios; Solicite a aprova\u00e7\u00e3o do PVA em Reuni\u00e3o Departamental; Ap\u00f3s aprovado a secretaria anexar\u00e1 o extrato de ata e [&hellip;]<\/p>\n","protected":false},"author":1983,"featured_media":0,"parent":0,"menu_order":0,"comment_status":"closed","ping_status":"closed","template":"","meta":{"_acf_changed":false,"_monsterinsights_skip_tracking":false,"_monsterinsights_sitenote_active":false,"_monsterinsights_sitenote_note":"","_monsterinsights_sitenote_category":0,"footnotes":""},"class_list":["post-849","page","type-page","status-publish","hentry"],"acf":[],"_links":{"self":[{"href":"https:\/\/bio.ufpr.br\/zoologia\/wp-json\/wp\/v2\/pages\/849","targetHints":{"allow":["GET"]}}],"collection":[{"href":"https:\/\/bio.ufpr.br\/zoologia\/wp-json\/wp\/v2\/pages"}],"about":[{"href":"https:\/\/bio.ufpr.br\/zoologia\/wp-json\/wp\/v2\/types\/page"}],"author":[{"embeddable":true,"href":"https:\/\/bio.ufpr.br\/zoologia\/wp-json\/wp\/v2\/users\/1983"}],"replies":[{"embeddable":true,"href":"https:\/\/bio.ufpr.br\/zoologia\/wp-json\/wp\/v2\/comments?post=849"}],"version-history":[{"count":7,"href":"https:\/\/bio.ufpr.br\/zoologia\/wp-json\/wp\/v2\/pages\/849\/revisions"}],"predecessor-version":[{"id":1450,"href":"https:\/\/bio.ufpr.br\/zoologia\/wp-json\/wp\/v2\/pages\/849\/revisions\/1450"}],"wp:attachment":[{"href":"https:\/\/bio.ufpr.br\/zoologia\/wp-json\/wp\/v2\/media?parent=849"}],"curies":[{"name":"wp","href":"https:\/\/api.w.org\/{rel}","templated":true}]}}