{"id":863,"date":"2017-07-04T14:12:46","date_gmt":"2017-07-04T14:12:46","guid":{"rendered":"https:\/\/bio.ufpr.br\/zoologia\/?page_id=863"},"modified":"2023-07-28T13:53:04","modified_gmt":"2023-07-28T13:53:04","slug":"afastamento-do-pais","status":"publish","type":"page","link":"https:\/\/bio.ufpr.br\/zoologia\/afastamento-do-pais\/","title":{"rendered":"Afastamento do pa\u00eds"},"content":{"rendered":"<p><span style=\"color: #ff6600\"><strong>Considera\u00e7\u00f5es importantes<\/strong>:<\/span><\/p>\n<ul>\n<li><span style=\"color: #ff9900\"><strong>Sugest\u00e3o<\/strong> de fluxo<\/span>:\n<ul>\n<li>O interessado encaminha \u00e0 chefia solicita\u00e7\u00e3o de inclus\u00e3o em pauta de aprova\u00e7\u00e3o do afastamento, informando: evento, per\u00edodo, local e quem assumira os encargos did\u00e1ticos;<\/li>\n<li>Sendo aprovado,\u00a0a secretaria redige o extrato da ata e encaminha ao interessado;<\/li>\n<li>O interessado abre o processo, anexa a seguinte documenta\u00e7\u00e3o:\n<ul>\n<li>A\u00a0solicita\u00e7\u00e3o com assinatura eletr\u00f4nica do interessado, ci\u00eancia do professor que ir\u00e1 assumir os encargos did\u00e1ticos;<\/li>\n<li>Extrato de ata (assinado eletronicamente pela chefia);<\/li>\n<li>Formul\u00e1rios de afastamento (assinado eletronicamente pela chefia e interessado)<\/li>\n<li>Documentos complementares que foram solicitados pela PROGEPE (<a href=\"https:\/\/bio.ufpr.br\/zoologia\/orientacoes-progepe-afastamento\/\" target=\"_blank\">ver orienta\u00e7\u00f5es PROGEPE<\/a>)<\/li>\n<\/ul>\n<\/li>\n<li>Ap\u00f3s anexada documenta\u00e7\u00e3o o processo ser\u00e1 encaminhado \u00e0 Dire\u00e7\u00e3o do Setor atrav\u00e9s de Despacho da chefia (assinatura eletr\u00f4nica).<\/li>\n<\/ul>\n<\/li>\n<\/ul>\n","protected":false},"excerpt":{"rendered":"<p>Considera\u00e7\u00f5es importantes: Sugest\u00e3o de fluxo: O interessado encaminha \u00e0 chefia solicita\u00e7\u00e3o de inclus\u00e3o em pauta de aprova\u00e7\u00e3o do afastamento, informando: evento, per\u00edodo, local e quem [&hellip;]<\/p>\n","protected":false},"author":6,"featured_media":0,"parent":0,"menu_order":0,"comment_status":"closed","ping_status":"closed","template":"","meta":{"_acf_changed":false,"_monsterinsights_skip_tracking":false,"_monsterinsights_sitenote_active":false,"_monsterinsights_sitenote_note":"","_monsterinsights_sitenote_category":0,"footnotes":""},"class_list":["post-863","page","type-page","status-publish","hentry"],"acf":[],"_links":{"self":[{"href":"https:\/\/bio.ufpr.br\/zoologia\/wp-json\/wp\/v2\/pages\/863","targetHints":{"allow":["GET"]}}],"collection":[{"href":"https:\/\/bio.ufpr.br\/zoologia\/wp-json\/wp\/v2\/pages"}],"about":[{"href":"https:\/\/bio.ufpr.br\/zoologia\/wp-json\/wp\/v2\/types\/page"}],"author":[{"embeddable":true,"href":"https:\/\/bio.ufpr.br\/zoologia\/wp-json\/wp\/v2\/users\/6"}],"replies":[{"embeddable":true,"href":"https:\/\/bio.ufpr.br\/zoologia\/wp-json\/wp\/v2\/comments?post=863"}],"version-history":[{"count":7,"href":"https:\/\/bio.ufpr.br\/zoologia\/wp-json\/wp\/v2\/pages\/863\/revisions"}],"predecessor-version":[{"id":3781,"href":"https:\/\/bio.ufpr.br\/zoologia\/wp-json\/wp\/v2\/pages\/863\/revisions\/3781"}],"wp:attachment":[{"href":"https:\/\/bio.ufpr.br\/zoologia\/wp-json\/wp\/v2\/media?parent=863"}],"curies":[{"name":"wp","href":"https:\/\/api.w.org\/{rel}","templated":true}]}}