{"id":901,"date":"2017-07-05T13:47:14","date_gmt":"2017-07-05T13:47:14","guid":{"rendered":"https:\/\/bio.ufpr.br\/zoologia\/?page_id=901"},"modified":"2023-07-31T16:59:17","modified_gmt":"2023-07-31T16:59:17","slug":"disciplinas-isoladas-e-eletivas","status":"publish","type":"page","link":"https:\/\/bio.ufpr.br\/zoologia\/disciplinas-isoladas-e-eletivas\/","title":{"rendered":"Matr\u00edculas para Disciplinas Isoladas e Eletivas"},"content":{"rendered":"<p style=\"text-align: left\"><strong>Disciplinas Isoladas:<\/strong><\/p>\n<ul>\n<li>As matr\u00edculas para disciplinas Isoladas s\u00e3o destinadas a candidatos de fora da UFPR. As inscri\u00e7\u00f5es ocorrem durante 2 (dois) dias em cada semestre. O candidato deve entrar em contato com a Secretaria do Departamento, atrav\u00e9s do e-mail deptzoo@ufpr.br, para obter informa\u00e7\u00f5es sobre a data\u00a0e as disciplinas dispon\u00edveis.<\/li>\n<li>Durante as inscri\u00e7\u00f5es, o candidato deve preencher o <a href=\"https:\/\/bio.ufpr.br\/zoologia\/wp-content\/uploads\/sites\/29\/2017\/03\/REQUERIMENTO-DISCIPLINA-ISOLADA.pdf\" target=\"_blank\">formul\u00e1rio<\/a>\u00a0e levar pessoalmente \u00e0 Secretaria (Centro Polit\u00e9cnico, 1\u00ba andar, sala 371), juntamente com seus documentos pessoais (RG, CPF) e Certificado de conclus\u00e3o do Ensino M\u00e9dio. A resposta sobre a inscri\u00e7\u00e3o ser\u00e1 enviada por e-mail ao candidato.<\/li>\n<li>Verificar\u00a0Legisla\u00e7\u00e3o sobre o assunto:\n<ul>\n<li><a href=\"https:\/\/bio.ufpr.br\/zoologia\/wp-content\/uploads\/sites\/29\/2023\/07\/Regimento-Geral-da-UFPR.pdf\">Regimento Geral da UFPR, arts 110-113<\/a>;<\/li>\n<li><a href=\"https:\/\/bio.ufpr.br\/zoologia\/wp-content\/uploads\/sites\/29\/2023\/07\/Res-37-97-CEPE.pdf\">Resolu\u00e7\u00e3o n\u00ba 37\/97-CEPE, arts 26-28<\/a><\/li>\n<\/ul>\n<\/li>\n<\/ul>\n<p><strong>Disciplinas Eletivas:<\/strong><\/p>\n<ul>\n<li>As matr\u00edculas para disciplinas Eletivas s\u00e3o destinadas aos j\u00e1 alunos da UFPR, ocorrem atrav\u00e9s da Coordena\u00e7\u00e3o.<\/li>\n<li><a href=\"https:\/\/bio.ufpr.br\/zoologia\/wp-content\/uploads\/sites\/29\/2017\/03\/REQUERIMENTO-DISCIPLINA-ELETIVA.pdf\">Formul\u00e1rio<\/a>.<\/li>\n<li>Verificar\u00a0Legisla\u00e7\u00e3o sobre o assunto:\n<ul>\n<li>Resolu\u00e7\u00e3o n\u00ba 37\/97-CEPE, arts\u00a055-59.<\/li>\n<\/ul>\n<\/li>\n<\/ul>\n<p>&nbsp;<\/p>\n<p><strong>Aten\u00e7\u00e3o:\u00a0<\/strong>As\u00a0disciplinas isoladas ou eletivas\u00a0n\u00e3o poder\u00e3o ser\u00a0de Est\u00e1gio, Monografia e Trabalho de Conclus\u00e3o de Curso, bem como outras disciplinas estabelecidas pelo Colegiado de curso e constantes no Projeto Pedag\u00f3gico do curso.<\/p>\n<p><a href=\"https:\/\/bio.ufpr.br\/zoologia\/formularios\/\">Outros formul\u00e1rios<\/a><\/p>\n","protected":false},"excerpt":{"rendered":"<p>Disciplinas Isoladas: As matr\u00edculas para disciplinas Isoladas s\u00e3o destinadas a candidatos de fora da UFPR. As inscri\u00e7\u00f5es ocorrem durante 2 (dois) dias em cada semestre. [&hellip;]<\/p>\n","protected":false},"author":6,"featured_media":0,"parent":0,"menu_order":0,"comment_status":"closed","ping_status":"closed","template":"","meta":{"_acf_changed":false,"_monsterinsights_skip_tracking":false,"_monsterinsights_sitenote_active":false,"_monsterinsights_sitenote_note":"","_monsterinsights_sitenote_category":0,"footnotes":""},"class_list":["post-901","page","type-page","status-publish","hentry"],"acf":[],"_links":{"self":[{"href":"https:\/\/bio.ufpr.br\/zoologia\/wp-json\/wp\/v2\/pages\/901","targetHints":{"allow":["GET"]}}],"collection":[{"href":"https:\/\/bio.ufpr.br\/zoologia\/wp-json\/wp\/v2\/pages"}],"about":[{"href":"https:\/\/bio.ufpr.br\/zoologia\/wp-json\/wp\/v2\/types\/page"}],"author":[{"embeddable":true,"href":"https:\/\/bio.ufpr.br\/zoologia\/wp-json\/wp\/v2\/users\/6"}],"replies":[{"embeddable":true,"href":"https:\/\/bio.ufpr.br\/zoologia\/wp-json\/wp\/v2\/comments?post=901"}],"version-history":[{"count":18,"href":"https:\/\/bio.ufpr.br\/zoologia\/wp-json\/wp\/v2\/pages\/901\/revisions"}],"predecessor-version":[{"id":3791,"href":"https:\/\/bio.ufpr.br\/zoologia\/wp-json\/wp\/v2\/pages\/901\/revisions\/3791"}],"wp:attachment":[{"href":"https:\/\/bio.ufpr.br\/zoologia\/wp-json\/wp\/v2\/media?parent=901"}],"curies":[{"name":"wp","href":"https:\/\/api.w.org\/{rel}","templated":true}]}}