{"id":926,"date":"2017-07-13T11:22:02","date_gmt":"2017-07-13T11:22:02","guid":{"rendered":"https:\/\/bio.ufpr.br\/zoologia\/?page_id=926"},"modified":"2023-05-22T11:06:23","modified_gmt":"2023-05-22T11:06:23","slug":"requerimento-de-segunda-chamada","status":"publish","type":"page","link":"https:\/\/bio.ufpr.br\/zoologia\/requerimento-de-segunda-chamada\/","title":{"rendered":"Requerimento de segunda chamada"},"content":{"rendered":"<p>Os alunos que n\u00e3o realizaram prova na data agendada t\u00eam o direito de requerer a <strong>segunda chamada<\/strong>, como previsto na Cap\u00edtulo X Se\u00e7\u00e3o V da <a href=\"https:\/\/bio.ufpr.br\/zoologia\/wp-content\/uploads\/sites\/29\/2023\/05\/Res-37-97-CEPE-atividades-acad\u00eamicas-alterada-pela-Res.-10-19-CEPE.pdf\" target=\"_blank\">Resolu\u00e7\u00e3o 37\/97-CEPE<\/a>,\u00a0que &#8220;aprova normas b\u00e1sicas de controle e registro da atividade acad\u00eamica dos cursos de gradua\u00e7\u00e3o da Universidade&#8221;.<\/p>\n<p>Segue rotina:<\/p>\n<ul>\n<li>O formul\u00e1rio &#8220;<a href=\"https:\/\/bio.ufpr.br\/zoologia\/wp-content\/uploads\/sites\/29\/2023\/05\/Requerimento-Segunda-Chamada.pdf\" target=\"_blank\">Requerimento segunda chamada<\/a>&#8221; est\u00e1 dispon\u00edvel na p\u00e1gina do Departamento de Zoologia\u00a0ou na secretaria;<\/li>\n<li>O aluno preenche requerimento (aten\u00e7\u00e3o as informa\u00e7\u00f5es de e-mail e telefone de contato) e anexa a documenta\u00e7\u00e3o comprobat\u00f3rio da justificativa \u00a0(elencada na se\u00e7\u00e3o V- Resolu\u00e7\u00e3o 37\/97) e encaminha \u00e0 secretaria do Departamento (5 dias \u00fateis);<\/li>\n<li>A secretaria entra em contato com os professores da disciplina, atrav\u00e9s de e-mail, informando a entrega do requerimento e que o mesmo estar\u00e1 dispon\u00edvel no escaninho do professor;<\/li>\n<li>O professor respons\u00e1vel se manifesta\u00e7\u00e3o pelo deferimento ou indeferimento (5 dias \u00fateis);<\/li>\n<li>Em caso de deferimento, o professor dever\u00e1 mandar por e-mail \u00e0 secretaria as informa\u00e7\u00f5es de local, data e contato do aluno.<\/li>\n<li>O retorno ao aluno, com a manifesta\u00e7\u00e3o do professor respons\u00e1vel pela disciplina e a informa\u00e7\u00e3o de data e local de prova (se a solicita\u00e7\u00e3o for deferida) \u00a0pode se dar de duas formas: diretamente pelo professor (com c\u00f3pia a secretaria) ou atrav\u00e9s da secretaria.<\/li>\n<li>A secretaria\u00a0divulgar\u00e1 edital com o local e data da prova.<\/li>\n<\/ul>\n<p>Importante observar prazos.<\/p>\n","protected":false},"excerpt":{"rendered":"<p>Os alunos que n\u00e3o realizaram prova na data agendada t\u00eam o direito de requerer a segunda chamada, como previsto na Cap\u00edtulo X Se\u00e7\u00e3o V da [&hellip;]<\/p>\n","protected":false},"author":6,"featured_media":0,"parent":0,"menu_order":0,"comment_status":"closed","ping_status":"closed","template":"","meta":{"_acf_changed":false,"_monsterinsights_skip_tracking":false,"_monsterinsights_sitenote_active":false,"_monsterinsights_sitenote_note":"","_monsterinsights_sitenote_category":0,"footnotes":""},"class_list":["post-926","page","type-page","status-publish","hentry"],"acf":[],"_links":{"self":[{"href":"https:\/\/bio.ufpr.br\/zoologia\/wp-json\/wp\/v2\/pages\/926","targetHints":{"allow":["GET"]}}],"collection":[{"href":"https:\/\/bio.ufpr.br\/zoologia\/wp-json\/wp\/v2\/pages"}],"about":[{"href":"https:\/\/bio.ufpr.br\/zoologia\/wp-json\/wp\/v2\/types\/page"}],"author":[{"embeddable":true,"href":"https:\/\/bio.ufpr.br\/zoologia\/wp-json\/wp\/v2\/users\/6"}],"replies":[{"embeddable":true,"href":"https:\/\/bio.ufpr.br\/zoologia\/wp-json\/wp\/v2\/comments?post=926"}],"version-history":[{"count":8,"href":"https:\/\/bio.ufpr.br\/zoologia\/wp-json\/wp\/v2\/pages\/926\/revisions"}],"predecessor-version":[{"id":3724,"href":"https:\/\/bio.ufpr.br\/zoologia\/wp-json\/wp\/v2\/pages\/926\/revisions\/3724"}],"wp:attachment":[{"href":"https:\/\/bio.ufpr.br\/zoologia\/wp-json\/wp\/v2\/media?parent=926"}],"curies":[{"name":"wp","href":"https:\/\/api.w.org\/{rel}","templated":true}]}}