{"id":933,"date":"2017-07-13T13:17:28","date_gmt":"2017-07-13T13:17:28","guid":{"rendered":"https:\/\/bio.ufpr.br\/zoologia\/?page_id=933"},"modified":"2017-07-13T13:55:49","modified_gmt":"2017-07-13T13:55:49","slug":"concessao-de-diarias-e-passagens","status":"publish","type":"page","link":"https:\/\/bio.ufpr.br\/zoologia\/concessao-de-diarias-e-passagens\/","title":{"rendered":"Concess\u00e3o de di\u00e1rias e passagens"},"content":{"rendered":"<p>Segue rotina:<\/p>\n<p>Solicita\u00e7\u00e3o:<\/p>\n<ul>\n<li>Interessado abrir processo no SEI selecionar no tipo de processo &#8220;Or\u00e7amento e finan\u00e7a Di\u00e1rias e Passagens&#8221;;<\/li>\n<li>Incluir documento pr\u00f3prio SEI: PCDP &#8211; solicita\u00e7\u00e3o de concess\u00e3o de di\u00e1rias e passagens (assinatura interessado e chefia);<\/li>\n<li>Incluir documento comprobat\u00f3rio, podem ser: projeto de pesquisa, cronograma de disciplina, \u00a0ficha 2 (com previs\u00e3o de aula de campo) ou outros (assinatura interessado e chefia).<\/li>\n<li>Avisar a secretaria ou diretamente a chefia (para autoriza\u00e7\u00e3o e assinaturas);<\/li>\n<li>Enviar processo para UFPR\/R\/BL\/BL\/SCEO<\/li>\n<li>Manter processo aberto na unidade;<\/li>\n<\/ul>\n<p>Relat\u00f3rio de viagem:<\/p>\n<ul>\n<li>Ap\u00f3s os eventos encaminhar relat\u00f3rio de viagem, formul\u00e1rio SEI, anexar documenta\u00e7\u00e3o comprobat\u00f3rio, bilhete\u00a0de embarque;<\/li>\n<li>Enviar processo para UFPR\/R\/BL\/BL\/SCEO<\/li>\n<li>Manter processo aberto na unidade;<\/li>\n<li>Tendo sido lan\u00e7ado no SCDP o relat\u00f3rio, concluir o processo.<\/li>\n<\/ul>\n<p>Observa\u00e7\u00f5es:<\/p>\n<ul>\n<li>Prestar aten\u00e7\u00e3o na\u00a0coer\u00eancia das informa\u00e7\u00f5es (chegada, sa\u00edda, in\u00edcio e final do evento);<\/li>\n<li>Observar prazos: \u00a0m\u00ednimo de 10 dias para lan\u00e7amento no Sistema de Concess\u00e3o de Di\u00e1rias e Passagens,\u00a0SCDP \u00a0ent\u00e3o encaminhar ao or\u00e7ament\u00e1rio com at\u00e9 prazo superior a 10 dias e no m\u00e1ximo 5 dias para encaminhar no SCDP o relat\u00f3rio de viagem, ent\u00e3o encaminhar ao or\u00e7ament\u00e1rio em prazo inferior;<\/li>\n<li>Em caso de n\u00e3o cumprimentos dos prazos ser\u00e3o necess\u00e1rias justificativas: a solicita\u00e7\u00e3o ter sido encaminhada com prazo inferior ou a presta\u00e7\u00e3o de contas ter sido encaminhada em prazo superior;<\/li>\n<li>Caso tenha d\u00favidas entrar em contato com o or\u00e7ament\u00e1rio pelo ramal 1792 ou pelo e-mail blorcamento@ufpr.br<\/li>\n<\/ul>\n<p><a href=\"https:\/\/bio.ufpr.br\/zoologia\/ordem-de-servico-004-09\/\" target=\"_blank\">Ordem de servi\u00e7o 04<\/a> &#8211; trata da\u00a0concess\u00e3o de di\u00e1rias<\/p>\n","protected":false},"excerpt":{"rendered":"<p>Segue rotina: Solicita\u00e7\u00e3o: Interessado abrir processo no SEI selecionar no tipo de processo &#8220;Or\u00e7amento e finan\u00e7a Di\u00e1rias e Passagens&#8221;; Incluir documento pr\u00f3prio SEI: PCDP &#8211; [&hellip;]<\/p>\n","protected":false},"author":1983,"featured_media":0,"parent":0,"menu_order":0,"comment_status":"closed","ping_status":"closed","template":"","meta":{"_acf_changed":false,"_monsterinsights_skip_tracking":false,"_monsterinsights_sitenote_active":false,"_monsterinsights_sitenote_note":"","_monsterinsights_sitenote_category":0,"footnotes":""},"class_list":["post-933","page","type-page","status-publish","hentry"],"acf":[],"_links":{"self":[{"href":"https:\/\/bio.ufpr.br\/zoologia\/wp-json\/wp\/v2\/pages\/933","targetHints":{"allow":["GET"]}}],"collection":[{"href":"https:\/\/bio.ufpr.br\/zoologia\/wp-json\/wp\/v2\/pages"}],"about":[{"href":"https:\/\/bio.ufpr.br\/zoologia\/wp-json\/wp\/v2\/types\/page"}],"author":[{"embeddable":true,"href":"https:\/\/bio.ufpr.br\/zoologia\/wp-json\/wp\/v2\/users\/1983"}],"replies":[{"embeddable":true,"href":"https:\/\/bio.ufpr.br\/zoologia\/wp-json\/wp\/v2\/comments?post=933"}],"version-history":[{"count":5,"href":"https:\/\/bio.ufpr.br\/zoologia\/wp-json\/wp\/v2\/pages\/933\/revisions"}],"predecessor-version":[{"id":940,"href":"https:\/\/bio.ufpr.br\/zoologia\/wp-json\/wp\/v2\/pages\/933\/revisions\/940"}],"wp:attachment":[{"href":"https:\/\/bio.ufpr.br\/zoologia\/wp-json\/wp\/v2\/media?parent=933"}],"curies":[{"name":"wp","href":"https:\/\/api.w.org\/{rel}","templated":true}]}}