{"id":946,"date":"2017-07-13T15:07:12","date_gmt":"2017-07-13T15:07:12","guid":{"rendered":"https:\/\/bio.ufpr.br\/zoologia\/?page_id=946"},"modified":"2017-07-13T15:07:12","modified_gmt":"2017-07-13T15:07:12","slug":"solicitacao-de-transporte","status":"publish","type":"page","link":"https:\/\/bio.ufpr.br\/zoologia\/solicitacao-de-transporte\/","title":{"rendered":"Solicita\u00e7\u00e3o de transporte"},"content":{"rendered":"<p>Segue rotina:<\/p>\n<ul>\n<li>Entrar na INTRANET;<\/li>\n<li>Selecionar SINCOF, acessar solicita\u00e7\u00f5es, fazer o registro conforme solicitado;<\/li>\n<li>Importante observar prazos.<\/li>\n<\/ul>\n<p><a href=\"https:\/\/intranet.ufpr.br\/siconf\/downloadable\/manual_solicitantes.pdf\" target=\"_blank\">Segue Descrita dos Procedimentos<\/a><\/p>\n<p><a href=\"https:\/\/intranet.ufpr.br\/siconf\/downloadable\/resolucao_coplad_28_09.pdf\" target=\"_blank\">Segue Resolu\u00e7\u00e3o<\/a>\u00a028\/09-COPLAD &#8220;Regulamenta a utiliza\u00e7\u00e3o dos ve\u00edculos da frota oficial da Universidade Federal do Paran\u00e1 e estabelece normas gerais sobre as atividades de transporte de usu\u00e1rios na UFPR&#8221;<\/p>\n","protected":false},"excerpt":{"rendered":"<p>Segue rotina: Entrar na INTRANET; Selecionar SINCOF, acessar solicita\u00e7\u00f5es, fazer o registro conforme solicitado; Importante observar prazos. Segue Descrita dos Procedimentos Segue Resolu\u00e7\u00e3o\u00a028\/09-COPLAD &#8220;Regulamenta a [&hellip;]<\/p>\n","protected":false},"author":1983,"featured_media":0,"parent":0,"menu_order":0,"comment_status":"closed","ping_status":"closed","template":"","meta":{"_acf_changed":false,"_monsterinsights_skip_tracking":false,"_monsterinsights_sitenote_active":false,"_monsterinsights_sitenote_note":"","_monsterinsights_sitenote_category":0,"footnotes":""},"class_list":["post-946","page","type-page","status-publish","hentry"],"acf":[],"_links":{"self":[{"href":"https:\/\/bio.ufpr.br\/zoologia\/wp-json\/wp\/v2\/pages\/946","targetHints":{"allow":["GET"]}}],"collection":[{"href":"https:\/\/bio.ufpr.br\/zoologia\/wp-json\/wp\/v2\/pages"}],"about":[{"href":"https:\/\/bio.ufpr.br\/zoologia\/wp-json\/wp\/v2\/types\/page"}],"author":[{"embeddable":true,"href":"https:\/\/bio.ufpr.br\/zoologia\/wp-json\/wp\/v2\/users\/1983"}],"replies":[{"embeddable":true,"href":"https:\/\/bio.ufpr.br\/zoologia\/wp-json\/wp\/v2\/comments?post=946"}],"version-history":[{"count":1,"href":"https:\/\/bio.ufpr.br\/zoologia\/wp-json\/wp\/v2\/pages\/946\/revisions"}],"predecessor-version":[{"id":947,"href":"https:\/\/bio.ufpr.br\/zoologia\/wp-json\/wp\/v2\/pages\/946\/revisions\/947"}],"wp:attachment":[{"href":"https:\/\/bio.ufpr.br\/zoologia\/wp-json\/wp\/v2\/media?parent=946"}],"curies":[{"name":"wp","href":"https:\/\/api.w.org\/{rel}","templated":true}]}}