{"id":955,"date":"2017-07-13T16:34:22","date_gmt":"2017-07-13T16:34:22","guid":{"rendered":"https:\/\/bio.ufpr.br\/zoologia\/?page_id=955"},"modified":"2023-07-28T13:51:52","modified_gmt":"2023-07-28T13:51:52","slug":"solicitacoes-almoxarifado","status":"publish","type":"page","link":"https:\/\/bio.ufpr.br\/zoologia\/solicitacoes-almoxarifado\/","title":{"rendered":"Solicita\u00e7\u00f5es almoxarifado"},"content":{"rendered":"<p>Normalmente a secretaria tem estoque de material de escrit\u00f3rio e de limpeza.<\/p>\n<p>Verificar junto a secretaria a possibilidade de pronto atendimento.<\/p>\n<p>Caso n\u00e3o seja poss\u00edvel, encaminhar sua solicita\u00e7\u00e3o por\u00a0e-mail at\u00e9 o dia 19 de cada m\u00eas, deptzoo@ufpr.br<\/p>\n","protected":false},"excerpt":{"rendered":"<p>Normalmente a secretaria tem estoque de material de escrit\u00f3rio e de limpeza. Verificar junto a secretaria a possibilidade de pronto atendimento. Caso n\u00e3o seja poss\u00edvel, [&hellip;]<\/p>\n","protected":false},"author":6,"featured_media":0,"parent":0,"menu_order":0,"comment_status":"closed","ping_status":"closed","template":"","meta":{"_acf_changed":false,"_monsterinsights_skip_tracking":false,"_monsterinsights_sitenote_active":false,"_monsterinsights_sitenote_note":"","_monsterinsights_sitenote_category":0,"footnotes":""},"class_list":["post-955","page","type-page","status-publish","hentry"],"acf":[],"_links":{"self":[{"href":"https:\/\/bio.ufpr.br\/zoologia\/wp-json\/wp\/v2\/pages\/955","targetHints":{"allow":["GET"]}}],"collection":[{"href":"https:\/\/bio.ufpr.br\/zoologia\/wp-json\/wp\/v2\/pages"}],"about":[{"href":"https:\/\/bio.ufpr.br\/zoologia\/wp-json\/wp\/v2\/types\/page"}],"author":[{"embeddable":true,"href":"https:\/\/bio.ufpr.br\/zoologia\/wp-json\/wp\/v2\/users\/6"}],"replies":[{"embeddable":true,"href":"https:\/\/bio.ufpr.br\/zoologia\/wp-json\/wp\/v2\/comments?post=955"}],"version-history":[{"count":3,"href":"https:\/\/bio.ufpr.br\/zoologia\/wp-json\/wp\/v2\/pages\/955\/revisions"}],"predecessor-version":[{"id":3780,"href":"https:\/\/bio.ufpr.br\/zoologia\/wp-json\/wp\/v2\/pages\/955\/revisions\/3780"}],"wp:attachment":[{"href":"https:\/\/bio.ufpr.br\/zoologia\/wp-json\/wp\/v2\/media?parent=955"}],"curies":[{"name":"wp","href":"https:\/\/api.w.org\/{rel}","templated":true}]}}