{"id":98,"date":"2019-03-19T14:03:51","date_gmt":"2019-03-19T14:03:51","guid":{"rendered":"https:\/\/bio.ufpr.br\/zoologia\/?page_id=98"},"modified":"2019-03-19T18:00:16","modified_gmt":"2019-03-19T18:00:16","slug":"pos-graduacao","status":"publish","type":"page","link":"https:\/\/bio.ufpr.br\/zoologia\/pos-graduacao\/","title":{"rendered":"Programas de P\u00f3s Gradua\u00e7\u00e3o"},"content":{"rendered":"<p><a href=\"https:\/\/bio.ufpr.br\/zoologia\/wp-content\/uploads\/sites\/29\/2019\/03\/Orienta\u00e7\u00f5es-aos-novos-membros-DZoo.pdf\">Orienta\u00e7\u00f5es aos novos membros DZoo<\/a>\u00a0mar\u00e7o 2019<\/p>\n<p>E\u00a0<a href=\"https:\/\/bio.ufpr.br\/zoologia\/wp-content\/uploads\/sites\/29\/2019\/03\/Ficha-de-Identifica\u00e7\u00e3o-de-Res\u00edduos-Qu\u00edmicos.pdf\">Ficha de Identifica\u00e7\u00e3o de Res\u00edduos Qu\u00edmicos<\/a><\/p>\n<p><a href=\"http:\/\/www.prppg.ufpr.br\/site\/ppgento\/\">Programa de P\u00f3s Gradua\u00e7\u00e3o em Entomologia<\/a><\/p>\n<p><a href=\"http:\/\/www.ppgzoologia.ufpr.br\/\" target=\"_blank\">Programa de P\u00f3s Gradua\u00e7\u00e3o em\u00a0Zoologia<\/a><\/p>\n<p><a href=\"http:\/\/www.prppg.ufpr.br\/ppgecologia\/\" target=\"_blank\">Programa de P\u00f3s Gradua\u00e7\u00e3o em\u00a0Ecologia &amp; Conserva\u00e7\u00e3o<\/a><\/p>\n<p><a href=\"http:\/\/www.suinfra.ufpr.br\/gestao-ambiental\/\">Divis\u00e3o de Gest\u00e3o Ambiental da UFPR<\/a><\/p>\n<p>No interior do campus:\u00a0<a href=\"https:\/\/bio.ufpr.br\/zoologia\/wp-content\/uploads\/sites\/29\/2019\/03\/Procedimento-furto-ou-roubo.pdf\">Procedimento furto ou roubo<\/a><\/p>\n","protected":false},"excerpt":{"rendered":"<p>Orienta\u00e7\u00f5es aos novos membros DZoo\u00a0mar\u00e7o 2019 E\u00a0Ficha de Identifica\u00e7\u00e3o de Res\u00edduos Qu\u00edmicos Programa de P\u00f3s Gradua\u00e7\u00e3o em Entomologia Programa de P\u00f3s Gradua\u00e7\u00e3o em\u00a0Zoologia Programa de [&hellip;]<\/p>\n","protected":false},"author":6,"featured_media":0,"parent":0,"menu_order":0,"comment_status":"open","ping_status":"open","template":"","meta":{"_acf_changed":false,"_monsterinsights_skip_tracking":false,"_monsterinsights_sitenote_active":false,"_monsterinsights_sitenote_note":"","_monsterinsights_sitenote_category":0,"footnotes":""},"class_list":["post-98","page","type-page","status-publish","hentry"],"acf":[],"_links":{"self":[{"href":"https:\/\/bio.ufpr.br\/zoologia\/wp-json\/wp\/v2\/pages\/98","targetHints":{"allow":["GET"]}}],"collection":[{"href":"https:\/\/bio.ufpr.br\/zoologia\/wp-json\/wp\/v2\/pages"}],"about":[{"href":"https:\/\/bio.ufpr.br\/zoologia\/wp-json\/wp\/v2\/types\/page"}],"author":[{"embeddable":true,"href":"https:\/\/bio.ufpr.br\/zoologia\/wp-json\/wp\/v2\/users\/6"}],"replies":[{"embeddable":true,"href":"https:\/\/bio.ufpr.br\/zoologia\/wp-json\/wp\/v2\/comments?post=98"}],"version-history":[{"count":11,"href":"https:\/\/bio.ufpr.br\/zoologia\/wp-json\/wp\/v2\/pages\/98\/revisions"}],"predecessor-version":[{"id":1745,"href":"https:\/\/bio.ufpr.br\/zoologia\/wp-json\/wp\/v2\/pages\/98\/revisions\/1745"}],"wp:attachment":[{"href":"https:\/\/bio.ufpr.br\/zoologia\/wp-json\/wp\/v2\/media?parent=98"}],"curies":[{"name":"wp","href":"https:\/\/api.w.org\/{rel}","templated":true}]}}