{"id":994,"date":"2017-08-08T13:28:51","date_gmt":"2017-08-08T13:28:51","guid":{"rendered":"https:\/\/bio.ufpr.br\/zoologia\/?page_id=994"},"modified":"2019-10-01T16:20:55","modified_gmt":"2019-10-01T16:20:55","slug":"calendario","status":"publish","type":"page","link":"https:\/\/bio.ufpr.br\/zoologia\/calendario\/","title":{"rendered":"Calend\u00e1rio"},"content":{"rendered":"<p><a href=\"https:\/\/bio.ufpr.br\/zoologia\/wp-content\/uploads\/sites\/29\/2018\/03\/Calend\u00e1rio-Invent\u00e1rio-2018.doc.pdf\" target=\"_blank\">Calend\u00e1rio invent\u00e1rio 2018<\/a><\/p>\n<p>Calend\u00e1rio invent\u00e1rio 2019: de 13 de agosto a 30 de setembro.<\/p>\n","protected":false},"excerpt":{"rendered":"<p>Calend\u00e1rio invent\u00e1rio 2018 Calend\u00e1rio invent\u00e1rio 2019: de 13 de agosto a 30 de setembro.<\/p>\n","protected":false},"author":1983,"featured_media":0,"parent":0,"menu_order":0,"comment_status":"closed","ping_status":"closed","template":"","meta":{"_acf_changed":false,"_monsterinsights_skip_tracking":false,"_monsterinsights_sitenote_active":false,"_monsterinsights_sitenote_note":"","_monsterinsights_sitenote_category":0,"footnotes":""},"class_list":["post-994","page","type-page","status-publish","hentry"],"acf":[],"_links":{"self":[{"href":"https:\/\/bio.ufpr.br\/zoologia\/wp-json\/wp\/v2\/pages\/994","targetHints":{"allow":["GET"]}}],"collection":[{"href":"https:\/\/bio.ufpr.br\/zoologia\/wp-json\/wp\/v2\/pages"}],"about":[{"href":"https:\/\/bio.ufpr.br\/zoologia\/wp-json\/wp\/v2\/types\/page"}],"author":[{"embeddable":true,"href":"https:\/\/bio.ufpr.br\/zoologia\/wp-json\/wp\/v2\/users\/1983"}],"replies":[{"embeddable":true,"href":"https:\/\/bio.ufpr.br\/zoologia\/wp-json\/wp\/v2\/comments?post=994"}],"version-history":[{"count":3,"href":"https:\/\/bio.ufpr.br\/zoologia\/wp-json\/wp\/v2\/pages\/994\/revisions"}],"predecessor-version":[{"id":2399,"href":"https:\/\/bio.ufpr.br\/zoologia\/wp-json\/wp\/v2\/pages\/994\/revisions\/2399"}],"wp:attachment":[{"href":"https:\/\/bio.ufpr.br\/zoologia\/wp-json\/wp\/v2\/media?parent=994"}],"curies":[{"name":"wp","href":"https:\/\/api.w.org\/{rel}","templated":true}]}}